{"id":1485,"date":"2019-10-16T16:13:42","date_gmt":"2019-10-16T19:13:42","guid":{"rendered":"https:\/\/the7.io\/company\/?page_id=1485"},"modified":"2026-01-03T16:12:57","modified_gmt":"2026-01-03T19:12:57","slug":"evenements","status":"publish","type":"page","link":"https:\/\/www.anatod.com\/fr\/events\/","title":{"rendered":"Ev\u00e9nements"},"content":{"rendered":"<div data-elementor-type=\"wp-page\" data-elementor-id=\"1485\" class=\"elementor elementor-1485\" data-elementor-post-type=\"page\">\n\t\t\t\t\t\t<section class=\"elementor-section elementor-top-section elementor-element elementor-element-b81bfab elementor-reverse-tablet elementor-reverse-mobile elementor-section-boxed elementor-section-height-default elementor-section-height-default\" data-id=\"b81bfab\" data-element_type=\"section\" data-e-type=\"section\" data-settings=\"{&quot;background_background&quot;:&quot;gradient&quot;}\">\n\t\t\t\t\t\t<div class=\"elementor-container elementor-column-gap-default\">\n\t\t\t\t\t<div class=\"elementor-column elementor-col-100 elementor-top-column elementor-element elementor-element-87557bb\" data-id=\"87557bb\" data-element_type=\"column\" data-e-type=\"column\">\n\t\t\t<div class=\"elementor-widget-wrap elementor-element-populated\">\n\t\t\t\t\t\t<div class=\"elementor-element elementor-element-417e550 elementor-widget elementor-widget-heading\" data-id=\"417e550\" data-element_type=\"widget\" data-e-type=\"widget\" data-widget_type=\"heading.default\">\n\t\t\t\t<div class=\"elementor-widget-container\">\n\t\t\t\t\t<h2 class=\"elementor-heading-title elementor-size-default\">Ev\u00e9nements<\/h2>\t\t\t\t<\/div>\n\t\t\t\t<\/div>\n\t\t\t\t\t<\/div>\n\t\t<\/div>\n\t\t\t\t\t<\/div>\n\t\t<\/section>\n\t\t\t\t<section class=\"elementor-section elementor-top-section elementor-element elementor-element-6a5ee07 elementor-section-boxed elementor-section-height-default elementor-section-height-default\" data-id=\"6a5ee07\" data-element_type=\"section\" data-e-type=\"section\" data-settings=\"{&quot;background_background&quot;:&quot;classic&quot;}\">\n\t\t\t\t\t\t<div class=\"elementor-container elementor-column-gap-no\">\n\t\t\t\t\t<div class=\"elementor-column elementor-col-100 elementor-top-column elementor-element elementor-element-a63aa02\" data-id=\"a63aa02\" data-element_type=\"column\" data-e-type=\"column\">\n\t\t\t<div class=\"elementor-widget-wrap elementor-element-populated\">\n\t\t\t\t\t\t<div class=\"elementor-element elementor-element-d764eed img-align-top image-vertical-align-center slide-h-position-center icon-box-vertical-align-top preserve-img-ratio-cover elementor-widget elementor-widget-the7-elements-simple-posts\" data-id=\"d764eed\" data-element_type=\"widget\" data-e-type=\"widget\" data-widget_type=\"the7-elements-simple-posts.default\">\n\t\t\t\t<div class=\"elementor-widget-container\">\n\t\t\t\t\t<div class=\"the7-simple-widget-posts the7-elementor-widget the7-elements-simple-posts-d764eed\" data-post-limit=\"-1\" data-pagination-mode=\"standard\" data-scroll-offset=\"\">\t\t\t<div class=\"dt-css-grid custom-pagination-handler\" data-columns=\"{&quot;d&quot;:3,&quot;t&quot;:2,&quot;p&quot;:1,&quot;wd&quot;:&quot;&quot;}\">\n\t\t\t\t\t\t\t\t\t<div class=\"wf-cell visible\">\n\t\t\t\t\t\t<article class=\"post visible wrapper post-10097 specialists type-specialists status-publish has-post-thumbnail hentry description-off\">\n\n\t\t\t\t\t\t\t<div class=\"post-content-wrapper\">\n\t\t\t\t\t\t\t\t\t\t\t\t\t\t\t\t\t<div class=\"the7-simple-post-thumb\">\n\t\t\t\t\t\t\t\t\t\t<a class=\"post-thumbnail-rollover img-css-resize-wrapper\" aria-label=\"Article d&#039;image\" href=\"https:\/\/www.anatod.com\/fr\/blog\/event\/nplay-2026-cordoba-argentina\/\"><img loading=\"lazy\" decoding=\"async\" width=\"1920\" height=\"2560\" src=\"https:\/\/www.anatod.com\/wp-content\/uploads\/2026\/03\/IMG_5928-scaled.jpg\" class=\"attachment-full size-full preload-me aspect\" alt=\"nplay\" srcset=\"https:\/\/www.anatod.com\/wp-content\/uploads\/2026\/03\/IMG_5928-scaled.jpg 1920w, https:\/\/www.anatod.com\/wp-content\/uploads\/2026\/03\/IMG_5928-225x300.jpg 225w, https:\/\/www.anatod.com\/wp-content\/uploads\/2026\/03\/IMG_5928-768x1024.jpg 768w, https:\/\/www.anatod.com\/wp-content\/uploads\/2026\/03\/IMG_5928-1152x1536.jpg 1152w, https:\/\/www.anatod.com\/wp-content\/uploads\/2026\/03\/IMG_5928-1536x2048.jpg 1536w, https:\/\/www.anatod.com\/wp-content\/uploads\/2026\/03\/IMG_5928-9x12.jpg 9w\" sizes=\"auto, (max-width: 1920px) 100vw, 1920px\" style=\"--ratio: 1920 \/ 2560;\" \/><span class=\"the7-hover-icon\"><i aria-hidden=\"true\" class=\"fas fa-ellipsis-h\"><\/i><\/span><\/a>\t\t\t\t\t\t\t\t\t<\/div>\n\t\t\t\t\t\t\t\t\t\t\t\t\t\t\t\t<div class=\"post-entry-content\">\n\t\t\t\t\t\t\t\t\t<h5 class=\"heading\"><a href=\"https:\/\/www.anatod.com\/fr\/blog\/event\/nplay-2026-cordoba-argentina\/\" rel=\"bookmark\" title=\"Nplay 2026 - Cordoba, Argentine\" class=\"post-title\">Nplay 2026 - Cordoba, Argentine<\/a><\/h5><p class=\"short-description\">NPlay Cono Sur est la plus importante conf\u00e9rence annuelle sur la connectivit\u00e9 en Argentine, organis\u00e9e par Grupo Convergencia depuis 2005. Elle r\u00e9unit des fournisseurs d'acc\u00e8s \u00e0 Internet, des coop\u00e9ratives, des c\u00e2blo-op\u00e9rateurs, des entreprises technologiques et des r\u00e9gulateurs pour discuter de l'avenir du secteur des TIC.<\/p>\t\t\t\t\t\t\t\t<\/div>\n\t\t\t\t\t\t\t<\/div>\n\t\t\t\t\t\t<\/article>\n\t\t\t\t\t<\/div>\t\t\t\t\t\t\t\t\t\t<div class=\"wf-cell visible\">\n\t\t\t\t\t\t<article class=\"post visible wrapper post-9834 specialists type-specialists status-publish has-post-thumbnail hentry description-off\">\n\n\t\t\t\t\t\t\t<div class=\"post-content-wrapper\">\n\t\t\t\t\t\t\t\t\t\t\t\t\t\t\t\t\t<div class=\"the7-simple-post-thumb\">\n\t\t\t\t\t\t\t\t\t\t<a class=\"post-thumbnail-rollover img-css-resize-wrapper\" aria-label=\"Article d&#039;image\" href=\"https:\/\/www.anatod.com\/fr\/blog\/event\/acutelan-2025-granada-espana\/\"><img loading=\"lazy\" decoding=\"async\" width=\"1895\" height=\"1920\" src=\"https:\/\/www.anatod.com\/wp-content\/uploads\/2025\/11\/acutelan_2025-scaled.webp\" class=\"attachment-full size-full preload-me aspect\" alt=\"Foire de l&#039;Atlantique 2025\" srcset=\"https:\/\/www.anatod.com\/wp-content\/uploads\/2025\/11\/acutelan_2025-scaled.webp 1895w, https:\/\/www.anatod.com\/wp-content\/uploads\/2025\/11\/acutelan_2025-296x300.webp 296w, https:\/\/www.anatod.com\/wp-content\/uploads\/2025\/11\/acutelan_2025-1011x1024.webp 1011w, https:\/\/www.anatod.com\/wp-content\/uploads\/2025\/11\/acutelan_2025-768x778.webp 768w, https:\/\/www.anatod.com\/wp-content\/uploads\/2025\/11\/acutelan_2025-1516x1536.webp 1516w, https:\/\/www.anatod.com\/wp-content\/uploads\/2025\/11\/acutelan_2025-2022x2048.webp 1896w, https:\/\/www.anatod.com\/wp-content\/uploads\/2025\/11\/acutelan_2025-12x12.jpg 12w\" sizes=\"auto, (max-width: 1895px) 100vw, 1895px\" style=\"--ratio: 1895 \/ 1920;\" \/><span class=\"the7-hover-icon\"><i aria-hidden=\"true\" class=\"fas fa-ellipsis-h\"><\/i><\/span><\/a>\t\t\t\t\t\t\t\t\t<\/div>\n\t\t\t\t\t\t\t\t\t\t\t\t\t\t\t\t<div class=\"post-entry-content\">\n\t\t\t\t\t\t\t\t\t<h5 class=\"heading\"><a href=\"https:\/\/www.anatod.com\/fr\/blog\/event\/acutelan-2025-granada-espana\/\" rel=\"bookmark\" title=\"Acutelan 2025 - Grenade, Espagne\" class=\"post-title\">Acutelan 2025 - Grenade, Espagne<\/a><\/h5><p class=\"short-description\">Le Salon Acutelan est devenu une r\u00e9f\u00e9rence nationale dans le secteur des t\u00e9l\u00e9communications. Lors de ses derni\u00e8res \u00e9ditions, il a re\u00e7u la visite d'un demi-millier d'entreprises du secteur qui ont pr\u00e9sent\u00e9 des solutions et des avanc\u00e9es technologiques permettant \u00e0 nos membres d'offrir chaque jour un service efficace, efficient et de grande qualit\u00e9.<\/p>\t\t\t\t\t\t\t\t<\/div>\n\t\t\t\t\t\t\t<\/div>\n\t\t\t\t\t\t<\/article>\n\t\t\t\t\t<\/div>\t\t\t\t\t\t\t\t\t\t<div class=\"wf-cell visible\">\n\t\t\t\t\t\t<article class=\"post visible wrapper post-9437 specialists type-specialists status-publish has-post-thumbnail hentry\">\n\n\t\t\t\t\t\t\t<div class=\"post-content-wrapper\">\n\t\t\t\t\t\t\t\t\t\t\t\t\t\t\t\t\t<div class=\"the7-simple-post-thumb\">\n\t\t\t\t\t\t\t\t\t\t<a class=\"post-thumbnail-rollover img-css-resize-wrapper\" aria-label=\"Article d&#039;image\" href=\"https:\/\/www.anatod.com\/fr\/blog\/event\/aotec-2025-madrid-espana\/\"><img loading=\"lazy\" decoding=\"async\" width=\"1024\" height=\"1870\" src=\"https:\/\/www.anatod.com\/wp-content\/uploads\/2024\/11\/aotec_2025.webp\" class=\"attachment-full size-full preload-me aspect\" alt=\"aotec 2025\" srcset=\"https:\/\/www.anatod.com\/wp-content\/uploads\/2024\/11\/aotec_2025.webp 1024w, https:\/\/www.anatod.com\/wp-content\/uploads\/2024\/11\/aotec_2025-164x300.webp 164w, https:\/\/www.anatod.com\/wp-content\/uploads\/2024\/11\/aotec_2025-561x1024.webp 561w, https:\/\/www.anatod.com\/wp-content\/uploads\/2024\/11\/aotec_2025-768x1403.webp 768w, https:\/\/www.anatod.com\/wp-content\/uploads\/2024\/11\/aotec_2025-841x1536.webp 841w, https:\/\/www.anatod.com\/wp-content\/uploads\/2024\/11\/aotec_2025-7x12.webp 7w\" sizes=\"auto, (max-width: 1024px) 100vw, 1024px\" style=\"--ratio: 1024 \/ 1870;\" \/><span class=\"the7-hover-icon\"><i aria-hidden=\"true\" class=\"fas fa-ellipsis-h\"><\/i><\/span><\/a>\t\t\t\t\t\t\t\t\t<\/div>\n\t\t\t\t\t\t\t\t\t\t\t\t\t\t\t\t<div class=\"post-entry-content\">\n\t\t\t\t\t\t\t\t\t<h5 class=\"heading\"><a href=\"https:\/\/www.anatod.com\/fr\/blog\/event\/aotec-2025-madrid-espana\/\" rel=\"bookmark\" title=\"Aotec 2025 - Madrid, Espagne\" class=\"post-title\">Aotec 2025 - Madrid, Espagne<\/a><\/h5><p class=\"short-description\">Le salon Aotec rassemble les derni\u00e8res nouveaut\u00e9s en mati\u00e8re de t\u00e9l\u00e9communications et de services pour les zones rurales. Un lieu de rencontre du secteur et de mise en r\u00e9seau pour favoriser la transformation num\u00e9rique des petites et moyennes villes et dynamiser leur \u00e9conomie.<\/p>\t\t\t\t\t\t\t\t<\/div>\n\t\t\t\t\t\t\t<\/div>\n\t\t\t\t\t\t<\/article>\n\t\t\t\t\t<\/div>\t\t\t\t\t\t\t\t\t\t<div class=\"wf-cell visible\">\n\t\t\t\t\t\t<article class=\"post visible wrapper post-8674 specialists type-specialists status-publish has-post-thumbnail hentry\">\n\n\t\t\t\t\t\t\t<div class=\"post-content-wrapper\">\n\t\t\t\t\t\t\t\t\t\t\t\t\t\t\t\t\t<div class=\"the7-simple-post-thumb\">\n\t\t\t\t\t\t\t\t\t\t<a class=\"post-thumbnail-rollover img-css-resize-wrapper\" aria-label=\"Article d&#039;image\" href=\"https:\/\/www.anatod.com\/fr\/blog\/event\/acutel-2024-granada-espana\/\"><img loading=\"lazy\" decoding=\"async\" width=\"1024\" height=\"944\" src=\"https:\/\/www.anatod.com\/wp-content\/uploads\/2024\/11\/foto_acutel_2024.jpg\" class=\"attachment-full size-full preload-me aspect\" alt=\"acutel 2024\" srcset=\"https:\/\/www.anatod.com\/wp-content\/uploads\/2024\/11\/foto_acutel_2024.jpg 1024w, https:\/\/www.anatod.com\/wp-content\/uploads\/2024\/11\/foto_acutel_2024-300x277.jpg 300w, https:\/\/www.anatod.com\/wp-content\/uploads\/2024\/11\/foto_acutel_2024-768x708.jpg 768w, https:\/\/www.anatod.com\/wp-content\/uploads\/2024\/11\/foto_acutel_2024-13x12.jpg 13w\" sizes=\"auto, (max-width: 1024px) 100vw, 1024px\" style=\"--ratio: 1024 \/ 944;\" \/><span class=\"the7-hover-icon\"><i aria-hidden=\"true\" class=\"fas fa-ellipsis-h\"><\/i><\/span><\/a>\t\t\t\t\t\t\t\t\t<\/div>\n\t\t\t\t\t\t\t\t\t\t\t\t\t\t\t\t<div class=\"post-entry-content\">\n\t\t\t\t\t\t\t\t\t<h5 class=\"heading\"><a href=\"https:\/\/www.anatod.com\/fr\/blog\/event\/acutel-2024-granada-espana\/\" rel=\"bookmark\" title=\"Acutel 2024 - Grenade, Espagne\" class=\"post-title\">Acutel 2024 - Grenade, Espagne<\/a><\/h5><p class=\"short-description\">Le Salon Acutel est devenu une r\u00e9f\u00e9rence nationale dans le secteur des t\u00e9l\u00e9communications. Lors de ses derni\u00e8res \u00e9ditions, il a accueilli un demi-millier d'entreprises du secteur qui ont pr\u00e9sent\u00e9 des solutions et des avanc\u00e9es technologiques permettant \u00e0 nos membres d'offrir chaque jour un service efficace, efficient et de qualit\u00e9.<\/p>\t\t\t\t\t\t\t\t<\/div>\n\t\t\t\t\t\t\t<\/div>\n\t\t\t\t\t\t<\/article>\n\t\t\t\t\t<\/div>\t\t\t\t\t\t\t\t\t\t<div class=\"wf-cell visible\">\n\t\t\t\t\t\t<article class=\"post visible wrapper post-8361 specialists type-specialists status-publish has-post-thumbnail hentry\">\n\n\t\t\t\t\t\t\t<div class=\"post-content-wrapper\">\n\t\t\t\t\t\t\t\t\t\t\t\t\t\t\t\t\t<div class=\"the7-simple-post-thumb\">\n\t\t\t\t\t\t\t\t\t\t<a class=\"post-thumbnail-rollover img-css-resize-wrapper\" aria-label=\"Article d&#039;image\" href=\"https:\/\/www.anatod.com\/fr\/blog\/event\/aotec-2024-bilbao-espana\/\"><img loading=\"lazy\" decoding=\"async\" width=\"960\" height=\"1280\" src=\"https:\/\/www.anatod.com\/wp-content\/uploads\/2024\/05\/aotec_2024_bilbao.jpeg\" class=\"attachment-full size-full preload-me aspect\" alt=\"\" srcset=\"https:\/\/www.anatod.com\/wp-content\/uploads\/2024\/05\/aotec_2024_bilbao.jpeg 960w, https:\/\/www.anatod.com\/wp-content\/uploads\/2024\/05\/aotec_2024_bilbao-225x300.jpeg 225w, https:\/\/www.anatod.com\/wp-content\/uploads\/2024\/05\/aotec_2024_bilbao-768x1024.jpeg 768w, https:\/\/www.anatod.com\/wp-content\/uploads\/2024\/05\/aotec_2024_bilbao-9x12.jpeg 9w\" sizes=\"auto, (max-width: 960px) 100vw, 960px\" style=\"--ratio: 960 \/ 1280;\" \/><span class=\"the7-hover-icon\"><i aria-hidden=\"true\" class=\"fas fa-ellipsis-h\"><\/i><\/span><\/a>\t\t\t\t\t\t\t\t\t<\/div>\n\t\t\t\t\t\t\t\t\t\t\t\t\t\t\t\t<div class=\"post-entry-content\">\n\t\t\t\t\t\t\t\t\t<h5 class=\"heading\"><a href=\"https:\/\/www.anatod.com\/fr\/blog\/event\/aotec-2024-bilbao-espana\/\" rel=\"bookmark\" title=\"Aotec 2024 - Bilbao - Espagne\" class=\"post-title\">Aotec 2024 - Bilbao - Espagne<\/a><\/h5><p class=\"short-description\">Le salon Aotec rassemble les derni\u00e8res nouveaut\u00e9s en mati\u00e8re de t\u00e9l\u00e9communications et de services pour les zones rurales. Un lieu de rencontre du secteur et de mise en r\u00e9seau pour favoriser la transformation num\u00e9rique des petites et moyennes villes et dynamiser leur \u00e9conomie.<\/p>\t\t\t\t\t\t\t\t<\/div>\n\t\t\t\t\t\t\t<\/div>\n\t\t\t\t\t\t<\/article>\n\t\t\t\t\t<\/div>\t\t\t\t\t\t\t\t\t\t<div class=\"wf-cell visible\">\n\t\t\t\t\t\t<article class=\"post visible wrapper post-8212 specialists type-specialists status-publish has-post-thumbnail hentry\">\n\n\t\t\t\t\t\t\t<div class=\"post-content-wrapper\">\n\t\t\t\t\t\t\t\t\t\t\t\t\t\t\t\t\t<div class=\"the7-simple-post-thumb\">\n\t\t\t\t\t\t\t\t\t\t<a class=\"post-thumbnail-rollover img-css-resize-wrapper\" aria-label=\"Article d&#039;image\" href=\"https:\/\/www.anatod.com\/fr\/blog\/event\/acutel-2023-granada-espana\/\"><img loading=\"lazy\" decoding=\"async\" width=\"1071\" height=\"1599\" src=\"https:\/\/www.anatod.com\/wp-content\/uploads\/2023\/11\/acutel_2023.jpeg\" class=\"attachment-full size-full preload-me aspect\" alt=\"Salon acutel 2023\" srcset=\"https:\/\/www.anatod.com\/wp-content\/uploads\/2023\/11\/acutel_2023.jpeg 1071w, https:\/\/www.anatod.com\/wp-content\/uploads\/2023\/11\/acutel_2023-201x300.jpeg 201w, https:\/\/www.anatod.com\/wp-content\/uploads\/2023\/11\/acutel_2023-686x1024.jpeg 686w, https:\/\/www.anatod.com\/wp-content\/uploads\/2023\/11\/acutel_2023-768x1147.jpeg 768w, https:\/\/www.anatod.com\/wp-content\/uploads\/2023\/11\/acutel_2023-1029x1536.jpeg 1029w, https:\/\/www.anatod.com\/wp-content\/uploads\/2023\/11\/acutel_2023-8x12.jpeg 8w\" sizes=\"auto, (max-width: 1071px) 100vw, 1071px\" style=\"--ratio: 1071 \/ 1599;\" \/><span class=\"the7-hover-icon\"><i aria-hidden=\"true\" class=\"fas fa-ellipsis-h\"><\/i><\/span><\/a>\t\t\t\t\t\t\t\t\t<\/div>\n\t\t\t\t\t\t\t\t\t\t\t\t\t\t\t\t<div class=\"post-entry-content\">\n\t\t\t\t\t\t\t\t\t<h5 class=\"heading\"><a href=\"https:\/\/www.anatod.com\/fr\/blog\/event\/acutel-2023-granada-espana\/\" rel=\"bookmark\" title=\"Acutel 2023 - Grenade, Espagne\" class=\"post-title\">Acutel 2023 - Grenade, Espagne<\/a><\/h5><p class=\"short-description\">Le Salon Acutel est devenu une r\u00e9f\u00e9rence nationale dans le secteur des t\u00e9l\u00e9communications. Lors de ses derni\u00e8res \u00e9ditions, il a accueilli un demi-millier d'entreprises du secteur qui ont pr\u00e9sent\u00e9 des solutions et des avanc\u00e9es technologiques permettant \u00e0 nos membres d'offrir chaque jour un service efficace, efficient et de qualit\u00e9.\n<\/p>\t\t\t\t\t\t\t\t<\/div>\n\t\t\t\t\t\t\t<\/div>\n\t\t\t\t\t\t<\/article>\n\t\t\t\t\t<\/div>\t\t\t\t\t\t\t\t<\/div>\n\t\t<div class=\"paginator filter-decorations filter-pointer-underline filter-animation-fade\" role=\"navigation\"><a href=\"https:\/\/www.anatod.com\/fr\/wp-json\/wp\/v2\/pages\/1485\/\" class=\"page-numbers filter-item act\" data-page-num=\"1\">1<\/a><a href=\"https:\/\/www.anatod.com\/fr\/wp-json\/wp\/v2\/pages\/1485\/page\/2\/\" class=\"page-numbers filter-item\" data-page-num=\"2\">2<\/a><a href=\"https:\/\/www.anatod.com\/fr\/wp-json\/wp\/v2\/pages\/1485\/page\/3\/\" class=\"page-numbers filter-item\" data-page-num=\"3\">3<\/a><a href=\"https:\/\/www.anatod.com\/fr\/wp-json\/wp\/v2\/pages\/1485\/page\/2\/\" class=\"page-numbers nav-next filter-item\" data-page-num=\"2\" >\u2192<\/a><\/div><\/div>\t\t\t\t<\/div>\n\t\t\t\t<\/div>\n\t\t\t\t\t<\/div>\n\t\t<\/div>\n\t\t\t\t\t<\/div>\n\t\t<\/section>\n\t\t\t\t<section class=\"elementor-section elementor-top-section elementor-element elementor-element-b7340d9 elementor-section-boxed elementor-section-height-default elementor-section-height-default\" data-id=\"b7340d9\" data-element_type=\"section\" data-e-type=\"section\" data-settings=\"{&quot;background_background&quot;:&quot;classic&quot;}\">\n\t\t\t\t\t\t<div class=\"elementor-container elementor-column-gap-wider\">\n\t\t\t\t\t<div class=\"elementor-column elementor-col-100 elementor-top-column elementor-element elementor-element-b31c21f\" data-id=\"b31c21f\" data-element_type=\"column\" data-e-type=\"column\">\n\t\t\t<div class=\"elementor-widget-wrap elementor-element-populated\">\n\t\t\t\t\t\t<div class=\"elementor-element elementor-element-d010f33 elementor-widget elementor-widget-heading\" data-id=\"d010f33\" data-element_type=\"widget\" data-e-type=\"widget\" data-widget_type=\"heading.default\">\n\t\t\t\t<div class=\"elementor-widget-container\">\n\t\t\t\t\t<h3 class=\"elementor-heading-title elementor-size-default\">Pourquoi l'anatode ?<\/h3>\t\t\t\t<\/div>\n\t\t\t\t<\/div>\n\t\t\t\t<div class=\"elementor-element elementor-element-09f1d57 elementor-widget elementor-widget-spacer\" data-id=\"09f1d57\" data-element_type=\"widget\" data-e-type=\"widget\" data-widget_type=\"spacer.default\">\n\t\t\t\t<div class=\"elementor-widget-container\">\n\t\t\t\t\t\t\t<div class=\"elementor-spacer\">\n\t\t\t<div class=\"elementor-spacer-inner\"><\/div>\n\t\t<\/div>\n\t\t\t\t\t\t<\/div>\n\t\t\t\t<\/div>\n\t\t\t\t<div class=\"elementor-element elementor-element-7046515 elementor-widget elementor-widget-heading\" data-id=\"7046515\" data-element_type=\"widget\" data-e-type=\"widget\" data-widget_type=\"heading.default\">\n\t\t\t\t<div class=\"elementor-widget-container\">\n\t\t\t\t\t<span class=\"elementor-heading-title elementor-size-default\">Nous nous caract\u00e9risons par notre responsabilit\u00e9, notre professionnalisme et notre d\u00e9vouement envers nos clients.<\/span>\t\t\t\t<\/div>\n\t\t\t\t<\/div>\n\t\t\t\t<div class=\"elementor-element elementor-element-c18c5f7 elementor-widget elementor-widget-spacer\" data-id=\"c18c5f7\" data-element_type=\"widget\" data-e-type=\"widget\" data-widget_type=\"spacer.default\">\n\t\t\t\t<div class=\"elementor-widget-container\">\n\t\t\t\t\t\t\t<div class=\"elementor-spacer\">\n\t\t\t<div class=\"elementor-spacer-inner\"><\/div>\n\t\t<\/div>\n\t\t\t\t\t\t<\/div>\n\t\t\t\t<\/div>\n\t\t\t\t<div class=\"elementor-element elementor-element-e06a453 arrows-relative-to-box_area slider-layout_1 slider-tablet-default slider-mobile-default slide-h-position-center bullets-small-dot-stroke elementor-widget elementor-widget-the7_content_carousel\" data-id=\"e06a453\" data-element_type=\"widget\" data-e-type=\"widget\" data-settings=\"{&quot;gap_between_posts&quot;:{&quot;unit&quot;:&quot;px&quot;,&quot;size&quot;:60,&quot;sizes&quot;:[]},&quot;widget_columns&quot;:3,&quot;widget_columns_tablet&quot;:2,&quot;widget_columns_mobile&quot;:1,&quot;gap_between_posts_tablet&quot;:{&quot;unit&quot;:&quot;px&quot;,&quot;size&quot;:&quot;&quot;,&quot;sizes&quot;:[]},&quot;gap_between_posts_mobile&quot;:{&quot;unit&quot;:&quot;px&quot;,&quot;size&quot;:&quot;&quot;,&quot;sizes&quot;:[]}}\" data-widget_type=\"the7_content_carousel.default\">\n\t\t\t\t<div class=\"elementor-widget-container\">\n\t\t\t\t\t<div class=\"disable-arrows-hover-bg owl-carousel text-and-icon-carousel elementor-owl-carousel-call the7-elementor-widget the7_content_carousel-e06a453 quick-scale-img\" data-scroll-mode=\"1\" data-auto-height=\"false\" data-speed=\"600\" data-autoplay=\"false\" data-autoplay_speed=\"\"><div  class=\"dt-owl-item-wrap elements-hover\"  ><div class=\"dt-owl-item-inner\"><div   class=\"dt-owl-item-icon\"><i aria-hidden=\"true\" class=\"open-button fas fa-rocket\"><\/i><\/div><h4  class=\"dt-owl-item-heading\">Qualit\u00e9 et innovation<\/h4><div class=\"dt-owl-item-description\">Garantir \u00e0 nos clients la meilleure qualit\u00e9 dans la fourniture de nos services, en investissant constamment dans la recherche et le d\u00e9veloppement des derni\u00e8res technologies pour obtenir un produit efficace et s\u00fbr.<\/div><\/div><\/div><div  class=\"dt-owl-item-wrap elements-hover\"  ><div class=\"dt-owl-item-inner\"><div   class=\"dt-owl-item-icon\"><i aria-hidden=\"true\" class=\"open-button fas fa-code\"><\/i><\/div><h4  class=\"dt-owl-item-heading\">D\u00e9veloppement propre<\/h4><div class=\"dt-owl-item-description\">Toute notre programmation est d\u00e9velopp\u00e9e dans nos propres locaux, nous n'externalisons pas notre code, ce qui garantit la tra\u00e7abilit\u00e9 et la fiabilit\u00e9 de nos produits.<\/div><\/div><\/div><div  class=\"dt-owl-item-wrap elements-hover\"  ><div class=\"dt-owl-item-inner\"><div   class=\"dt-owl-item-icon\"><i aria-hidden=\"true\" class=\"open-button fas fa-cogs\"><\/i><\/div><h4  class=\"dt-owl-item-heading\">Adaptabilit\u00e9<\/h4><div class=\"dt-owl-item-description\">Nous d\u00e9veloppons nos syst\u00e8mes en les adaptant aux besoins particuliers de chaque client afin d'assurer l'efficacit\u00e9 et l'efficience dans la r\u00e9alisation de leurs objectifs.<\/div><\/div><\/div><div  class=\"dt-owl-item-wrap elements-hover\"  ><div class=\"dt-owl-item-inner\"><div   class=\"dt-owl-item-icon\"><i aria-hidden=\"true\" class=\"open-button fas fa-headset\"><\/i><\/div><h4  class=\"dt-owl-item-heading\">Une attention personnalis\u00e9e<\/h4><div class=\"dt-owl-item-description\">Nous d\u00e9veloppons nos syst\u00e8mes en les adaptant aux besoins particuliers de chaque client afin d'assurer l'efficacit\u00e9 et l'efficience dans la r\u00e9alisation de leurs objectifs.<\/div><\/div><\/div><\/div><div class=\"owl-nav disabled\"><div class=\"owl-prev\" role=\"button\" tabindex=\"0\" aria-label=\"Diapositive pr\u00e9c\u00e9dente\"><i class=\"fas fa-chevron-left\"><\/i><\/div><div class=\"owl-next\" role=\"button\" tabindex=\"0\" aria-label=\"Diapositive suivante\"><i class=\"fas fa-chevron-right\"><\/i><\/div><\/div>\t\t\t\t<\/div>\n\t\t\t\t<\/div>\n\t\t\t\t\t<\/div>\n\t\t<\/div>\n\t\t\t\t\t<\/div>\n\t\t<\/section>\n\t\t\t\t<\/div>","protected":false},"excerpt":{"rendered":"<p>\u00c9v\u00e9nements Acutelan 2025 \u2013 Grenade, Espagne La Foire d'Acutelan est devenue une r\u00e9f\u00e9rence nationale dans le secteur des t\u00e9l\u00e9communications. En effet, lors de ses derni\u00e8res \u00e9ditions, elle a accueilli un demi-millier d'entreprises du secteur qui ont pr\u00e9sent\u00e9 des solutions et des avanc\u00e9es technologiques contribuant \u00e0 ce que nos associ\u00e9s offrent chaque\u2026<\/p>","protected":false},"author":1,"featured_media":0,"parent":0,"menu_order":15,"comment_status":"closed","ping_status":"closed","template":"elementor_header_footer","meta":{"footnotes":""},"class_list":["post-1485","page","type-page","status-publish","hentry"],"_links":{"self":[{"href":"https:\/\/www.anatod.com\/fr\/wp-json\/wp\/v2\/pages\/1485","targetHints":{"allow":["GET"]}}],"collection":[{"href":"https:\/\/www.anatod.com\/fr\/wp-json\/wp\/v2\/pages"}],"about":[{"href":"https:\/\/www.anatod.com\/fr\/wp-json\/wp\/v2\/types\/page"}],"author":[{"embeddable":true,"href":"https:\/\/www.anatod.com\/fr\/wp-json\/wp\/v2\/users\/1"}],"replies":[{"embeddable":true,"href":"https:\/\/www.anatod.com\/fr\/wp-json\/wp\/v2\/comments?post=1485"}],"version-history":[{"count":10,"href":"https:\/\/www.anatod.com\/fr\/wp-json\/wp\/v2\/pages\/1485\/revisions"}],"predecessor-version":[{"id":9942,"href":"https:\/\/www.anatod.com\/fr\/wp-json\/wp\/v2\/pages\/1485\/revisions\/9942"}],"wp:attachment":[{"href":"https:\/\/www.anatod.com\/fr\/wp-json\/wp\/v2\/media?parent=1485"}],"curies":[{"name":"wp","href":"https:\/\/api.w.org\/{rel}","templated":true}]}}