{"id":9069,"date":"2024-12-30T14:49:02","date_gmt":"2024-12-30T17:49:02","guid":{"rendered":"https:\/\/www.anatod.com\/?page_id=9069"},"modified":"2026-01-03T16:10:05","modified_gmt":"2026-01-03T19:10:05","slug":"demo","status":"publish","type":"page","link":"https:\/\/www.anatod.com\/fr\/ispkeeper\/demo\/","title":{"rendered":"D\u00e9monstration"},"content":{"rendered":"<div data-elementor-type=\"wp-page\" data-elementor-id=\"9069\" class=\"elementor elementor-9069\" data-elementor-post-type=\"page\">\n\t\t\t\t\t\t<section class=\"elementor-section elementor-top-section elementor-element elementor-element-8e936df elementor-reverse-tablet elementor-reverse-mobile elementor-section-boxed elementor-section-height-default elementor-section-height-default\" data-id=\"8e936df\" data-element_type=\"section\" data-e-type=\"section\" data-settings=\"{&quot;background_background&quot;:&quot;gradient&quot;}\">\n\t\t\t\t\t\t<div class=\"elementor-container elementor-column-gap-default\">\n\t\t\t\t\t<div class=\"elementor-column elementor-col-100 elementor-top-column elementor-element elementor-element-f186eee\" data-id=\"f186eee\" data-element_type=\"column\" data-e-type=\"column\">\n\t\t\t<div class=\"elementor-widget-wrap elementor-element-populated\">\n\t\t\t\t\t\t<div class=\"elementor-element elementor-element-2c345ca elementor-widget elementor-widget-heading\" data-id=\"2c345ca\" data-element_type=\"widget\" data-e-type=\"widget\" data-widget_type=\"heading.default\">\n\t\t\t\t<div class=\"elementor-widget-container\">\n\t\t\t\t\t<h2 class=\"elementor-heading-title elementor-size-default\">D\u00e9monstration d'ISPkeeper<\/h2>\t\t\t\t<\/div>\n\t\t\t\t<\/div>\n\t\t\t\t\t<\/div>\n\t\t<\/div>\n\t\t\t\t\t<\/div>\n\t\t<\/section>\n\t\t\t\t<section class=\"elementor-section elementor-top-section elementor-element elementor-element-6ea654d elementor-section-boxed elementor-section-height-default elementor-section-height-default\" data-id=\"6ea654d\" data-element_type=\"section\" data-e-type=\"section\">\n\t\t\t\t\t\t<div class=\"elementor-container elementor-column-gap-default\">\n\t\t\t\t\t<div class=\"elementor-column elementor-col-100 elementor-top-column elementor-element elementor-element-2716e65\" data-id=\"2716e65\" data-element_type=\"column\" data-e-type=\"column\">\n\t\t\t<div class=\"elementor-widget-wrap elementor-element-populated\">\n\t\t\t\t\t\t<div class=\"elementor-element elementor-element-4652be8 elementor-widget elementor-widget-heading\" data-id=\"4652be8\" data-element_type=\"widget\" data-e-type=\"widget\" data-widget_type=\"heading.default\">\n\t\t\t\t<div class=\"elementor-widget-container\">\n\t\t\t\t\t<h2 class=\"elementor-heading-title elementor-size-default\">IMPORTANT<\/h2>\t\t\t\t<\/div>\n\t\t\t\t<\/div>\n\t\t\t\t<div class=\"elementor-element elementor-element-efbeca7 elementor-widget elementor-widget-text-editor\" data-id=\"efbeca7\" data-element_type=\"widget\" data-e-type=\"widget\" data-widget_type=\"text-editor.default\">\n\t\t\t\t<div class=\"elementor-widget-container\">\n\t\t\t\t\t\t\t\t\t<p>Le syst\u00e8me \u00e0 mettre en place est un syst\u00e8me de test interne qui est utilis\u00e9 sur ses propres serveurs pour le d\u00e9veloppement interne.<\/p>\t\t\t\t\t\t\t\t<\/div>\n\t\t\t\t<\/div>\n\t\t\t\t\t<\/div>\n\t\t<\/div>\n\t\t\t\t\t<\/div>\n\t\t<\/section>\n\t\t\t\t<section class=\"elementor-section elementor-top-section elementor-element elementor-element-6d8143f elementor-section-boxed elementor-section-height-default elementor-section-height-default\" data-id=\"6d8143f\" data-element_type=\"section\" data-e-type=\"section\">\n\t\t\t\t\t\t<div class=\"elementor-container elementor-column-gap-default\">\n\t\t\t\t\t<div class=\"elementor-column elementor-col-100 elementor-top-column elementor-element elementor-element-828336d\" data-id=\"828336d\" data-element_type=\"column\" data-e-type=\"column\">\n\t\t\t<div class=\"elementor-widget-wrap elementor-element-populated\">\n\t\t\t\t\t\t<div class=\"elementor-element elementor-element-6e14d38 elementor-widget elementor-widget-text-editor\" data-id=\"6e14d38\" data-element_type=\"widget\" data-e-type=\"widget\" data-widget_type=\"text-editor.default\">\n\t\t\t\t<div class=\"elementor-widget-container\">\n\t\t\t\t\t\t\t\t\t<p><strong>Syst\u00e8me ISPkeeper<\/strong><\/p><p>Utilisateur : <strong>123testing<\/strong><br \/>Mot de passe :\u00a0<strong>12345678<\/strong><br \/>URL :\u00a0<strong>testing.ispkeeper.com<\/strong><\/p><p><a href=\"https:\/\/testing.ispkeeper.com\/login\">LOGIN<\/a><\/p>\t\t\t\t\t\t\t\t<\/div>\n\t\t\t\t<\/div>\n\t\t\t\t<div class=\"elementor-element elementor-element-e5b45d8 elementor-widget elementor-widget-spacer\" data-id=\"e5b45d8\" data-element_type=\"widget\" data-e-type=\"widget\" data-widget_type=\"spacer.default\">\n\t\t\t\t<div class=\"elementor-widget-container\">\n\t\t\t\t\t\t\t<div class=\"elementor-spacer\">\n\t\t\t<div class=\"elementor-spacer-inner\"><\/div>\n\t\t<\/div>\n\t\t\t\t\t\t<\/div>\n\t\t\t\t<\/div>\n\t\t\t\t\t<\/div>\n\t\t<\/div>\n\t\t\t\t\t<\/div>\n\t\t<\/section>\n\t\t\t\t<section class=\"elementor-section elementor-top-section elementor-element elementor-element-cfd5abb elementor-section-boxed elementor-section-height-default elementor-section-height-default\" data-id=\"cfd5abb\" data-element_type=\"section\" data-e-type=\"section\">\n\t\t\t\t\t\t<div class=\"elementor-container elementor-column-gap-default\">\n\t\t\t\t\t<div class=\"elementor-column elementor-col-100 elementor-top-column elementor-element elementor-element-700ee80\" data-id=\"700ee80\" data-element_type=\"column\" data-e-type=\"column\">\n\t\t\t<div class=\"elementor-widget-wrap elementor-element-populated\">\n\t\t\t\t\t\t<div class=\"elementor-element elementor-element-ee1210a elementor-widget elementor-widget-text-editor\" data-id=\"ee1210a\" data-element_type=\"widget\" data-e-type=\"widget\" data-widget_type=\"text-editor.default\">\n\t\t\t\t<div class=\"elementor-widget-container\">\n\t\t\t\t\t\t\t\t\t<p><strong>Syst\u00e8me d'autogestion de la client\u00e8le<\/strong><\/p><p>Utilisateur :\u00a0<strong>1<\/strong><br \/>Mot de passe :\u00a0<strong>99999999<\/strong><br \/>URL :\u00a0<strong>clients.ispkeeper.com<\/strong><\/p><p><a href=\"https:\/\/clientes.ispkeeper.com\/login\">ENTRER DANS LE SITE WEB<\/a><\/p>\t\t\t\t\t\t\t\t<\/div>\n\t\t\t\t<\/div>\n\t\t\t\t\t<\/div>\n\t\t<\/div>\n\t\t\t\t\t<\/div>\n\t\t<\/section>\n\t\t\t\t<section class=\"elementor-section elementor-top-section elementor-element elementor-element-2f945c2 elementor-section-boxed elementor-section-height-default elementor-section-height-default\" data-id=\"2f945c2\" data-element_type=\"section\" data-e-type=\"section\">\n\t\t\t\t\t\t<div class=\"elementor-container elementor-column-gap-default\">\n\t\t\t\t\t<div class=\"elementor-column elementor-col-100 elementor-top-column elementor-element elementor-element-363c555\" data-id=\"363c555\" data-element_type=\"column\" data-e-type=\"column\">\n\t\t\t<div class=\"elementor-widget-wrap elementor-element-populated\">\n\t\t\t\t\t\t<div class=\"elementor-element elementor-element-06a3fde elementor-widget elementor-widget-heading\" data-id=\"06a3fde\" data-element_type=\"widget\" data-e-type=\"widget\" data-widget_type=\"heading.default\">\n\t\t\t\t<div class=\"elementor-widget-container\">\n\t\t\t\t\t<h5 class=\"elementor-heading-title elementor-size-default\">T\u00e9l\u00e9charger l'application d'autogestion des clients<\/h5>\t\t\t\t<\/div>\n\t\t\t\t<\/div>\n\t\t\t\t\t<\/div>\n\t\t<\/div>\n\t\t\t\t\t<\/div>\n\t\t<\/section>\n\t\t\t\t<section class=\"elementor-section elementor-top-section elementor-element elementor-element-756afd1 elementor-section-boxed elementor-section-height-default elementor-section-height-default\" data-id=\"756afd1\" data-element_type=\"section\" data-e-type=\"section\">\n\t\t\t\t\t\t<div class=\"elementor-container elementor-column-gap-default\">\n\t\t\t\t\t<div class=\"elementor-column elementor-col-50 elementor-top-column elementor-element elementor-element-3c45457\" data-id=\"3c45457\" data-element_type=\"column\" data-e-type=\"column\">\n\t\t\t<div class=\"elementor-widget-wrap elementor-element-populated\">\n\t\t\t\t\t\t<div class=\"elementor-element elementor-element-ec9a65e elementor-widget elementor-widget-image\" data-id=\"ec9a65e\" data-element_type=\"widget\" data-e-type=\"widget\" data-widget_type=\"image.default\">\n\t\t\t\t<div class=\"elementor-widget-container\">\n\t\t\t\t\t\t\t\t\t\t\t\t\t\t\t\t<a href=\"https:\/\/play.google.com\/store\/apps\/details?id=com.anatod.appclientes\">\n\t\t\t\t\t\t\t<img loading=\"lazy\" decoding=\"async\" width=\"300\" height=\"116\" src=\"https:\/\/www.anatod.com\/wp-content\/uploads\/2025\/05\/google-play-badge-300x116.webp\" class=\"attachment-medium size-medium wp-image-9411\" alt=\"Google Play Store\" srcset=\"https:\/\/www.anatod.com\/wp-content\/uploads\/2025\/05\/google-play-badge-300x116.webp 300w, https:\/\/www.anatod.com\/wp-content\/uploads\/2025\/05\/google-play-badge-18x7.webp 18w, https:\/\/www.anatod.com\/wp-content\/uploads\/2025\/05\/google-play-badge.png 646w\" sizes=\"auto, (max-width: 300px) 100vw, 300px\" \/>\t\t\t\t\t\t\t\t<\/a>\n\t\t\t\t\t\t\t\t\t\t\t\t\t\t\t<\/div>\n\t\t\t\t<\/div>\n\t\t\t\t\t<\/div>\n\t\t<\/div>\n\t\t\t\t<div class=\"elementor-column elementor-col-50 elementor-top-column elementor-element elementor-element-892c2ad\" data-id=\"892c2ad\" data-element_type=\"column\" data-e-type=\"column\">\n\t\t\t<div class=\"elementor-widget-wrap elementor-element-populated\">\n\t\t\t\t\t\t<div class=\"elementor-element elementor-element-377967e elementor-widget elementor-widget-image\" data-id=\"377967e\" data-element_type=\"widget\" data-e-type=\"widget\" data-widget_type=\"image.default\">\n\t\t\t\t<div class=\"elementor-widget-container\">\n\t\t\t\t\t\t\t\t\t\t\t\t\t\t\t\t<a href=\"https:\/\/apps.apple.com\/app\/ispkeeper-clientes\/id6745458107\">\n\t\t\t\t\t\t\t<img loading=\"lazy\" decoding=\"async\" width=\"300\" height=\"121\" src=\"https:\/\/www.anatod.com\/wp-content\/uploads\/2025\/05\/download_app_store_iphone-300x121.webp\" class=\"attachment-medium size-medium wp-image-9413\" alt=\"\" srcset=\"https:\/\/www.anatod.com\/wp-content\/uploads\/2025\/05\/download_app_store_iphone-300x121.webp 300w, https:\/\/www.anatod.com\/wp-content\/uploads\/2025\/05\/download_app_store_iphone-18x7.webp 18w, https:\/\/www.anatod.com\/wp-content\/uploads\/2025\/05\/download_app_store_iphone.png 646w\" sizes=\"auto, (max-width: 300px) 100vw, 300px\" \/>\t\t\t\t\t\t\t\t<\/a>\n\t\t\t\t\t\t\t\t\t\t\t\t\t\t\t<\/div>\n\t\t\t\t<\/div>\n\t\t\t\t\t<\/div>\n\t\t<\/div>\n\t\t\t\t\t<\/div>\n\t\t<\/section>\n\t\t\t\t<section class=\"elementor-section elementor-top-section elementor-element elementor-element-0cdb592 elementor-section-boxed elementor-section-height-default elementor-section-height-default\" data-id=\"0cdb592\" data-element_type=\"section\" data-e-type=\"section\">\n\t\t\t\t\t\t<div class=\"elementor-container elementor-column-gap-default\">\n\t\t\t\t\t<div class=\"elementor-column elementor-col-100 elementor-top-column elementor-element elementor-element-2451a67\" data-id=\"2451a67\" data-element_type=\"column\" data-e-type=\"column\">\n\t\t\t<div class=\"elementor-widget-wrap elementor-element-populated\">\n\t\t\t\t\t\t<div class=\"elementor-element elementor-element-c998dd3 elementor-widget elementor-widget-spacer\" data-id=\"c998dd3\" data-element_type=\"widget\" data-e-type=\"widget\" data-widget_type=\"spacer.default\">\n\t\t\t\t<div class=\"elementor-widget-container\">\n\t\t\t\t\t\t\t<div class=\"elementor-spacer\">\n\t\t\t<div class=\"elementor-spacer-inner\"><\/div>\n\t\t<\/div>\n\t\t\t\t\t\t<\/div>\n\t\t\t\t<\/div>\n\t\t\t\t<div class=\"elementor-element elementor-element-403122d img-align-top image-vertical-align-center slide-h-position-center icon-box-vertical-align-top elementor-widget elementor-widget-the7-elements-simple-posts\" data-id=\"403122d\" data-element_type=\"widget\" data-e-type=\"widget\" data-widget_type=\"the7-elements-simple-posts.default\">\n\t\t\t\t<div class=\"elementor-widget-container\">\n\t\t\t\t\t<div class=\"the7-simple-widget-posts the7-elementor-widget the7-elements-simple-posts-403122d jquery-filter jquery-filter\" data-post-limit=\"-1\" data-pagination-mode=\"none\" data-scroll-offset=\"\" aria-live=\"assertive\"><h4 class=\"rp-heading\">Actualit\u00e9s<\/h4>\t\t\t<div class=\"dt-css-grid custom-pagination-handler\" data-columns=\"{&quot;d&quot;:4,&quot;t&quot;:1,&quot;p&quot;:1,&quot;wd&quot;:&quot;&quot;}\">\n\t\t\t\t\t\t\t\t\t<div class=\"wf-cell visible\">\n\t\t\t\t\t\t<article class=\"post visible wrapper post-10127 type-post status-publish format-standard has-post-thumbnail hentry category-otros category-1 description-off\">\n\n\t\t\t\t\t\t\t<div class=\"post-content-wrapper\">\n\t\t\t\t\t\t\t\t\t\t\t\t\t\t\t\t\t<div class=\"the7-simple-post-thumb\">\n\t\t\t\t\t\t\t\t\t\t<a class=\"post-thumbnail-rollover img-css-resize-wrapper\" aria-label=\"Article d&#039;image\" href=\"https:\/\/www.anatod.com\/fr\/blog\/2026\/04\/10\/nuevo-modulo-de-suscripciones-en-ispkeeper-amplia-tus-ingresos-mas-alla-del-internet\/\"><img loading=\"lazy\" decoding=\"async\" width=\"150\" height=\"150\" src=\"https:\/\/www.anatod.com\/wp-content\/uploads\/2026\/04\/suscripciones-150x150.jpg\" class=\"attachment-thumbnail size-thumbnail preload-me aspect\" alt=\"\" style=\"--ratio: 150 \/ 150;\" \/><span class=\"the7-hover-icon\"><\/span><\/a>\t\t\t\t\t\t\t\t\t<\/div>\n\t\t\t\t\t\t\t\t\t\t\t\t\t\t\t\t<div class=\"post-entry-content\">\n\t\t\t\t\t\t\t\t\t<h5 class=\"heading\"><a href=\"https:\/\/www.anatod.com\/fr\/blog\/2026\/04\/10\/nuevo-modulo-de-suscripciones-en-ispkeeper-amplia-tus-ingresos-mas-alla-del-internet\/\" rel=\"bookmark\" title=\"Nouveau module d&#039;abonnements dans ISPkeeper : augmentez vos revenus au-del\u00e0 de l&#039;Internet\" class=\"post-title\">Nouveau module d'abonnements dans ISPkeeper : augmentez vos revenus au-del\u00e0 de l'Internet<\/a><\/h5><div class=\"entry-meta\"><a href=\"https:\/\/www.anatod.com\/fr\/blog\/2026\/04\/10\/\" title=\"15:23\" class=\"meta-item data-link\" rel=\"bookmark\"><time class=\"entry-date updated\" datetime=\"2026-04-10T15:23:05-03:00\">10 avril 2026<\/time><\/a><\/div>\t\t\t\t\t\t\t\t<\/div>\n\t\t\t\t\t\t\t<\/div>\n\t\t\t\t\t\t<\/article>\n\t\t\t\t\t<\/div>\t\t\t\t\t\t\t\t\t\t<div class=\"wf-cell visible\">\n\t\t\t\t\t\t<article class=\"post visible wrapper post-10063 type-post status-publish format-standard has-post-thumbnail hentry category-otros category-1 description-off\">\n\n\t\t\t\t\t\t\t<div class=\"post-content-wrapper\">\n\t\t\t\t\t\t\t\t\t\t\t\t\t\t\t\t\t<div class=\"the7-simple-post-thumb\">\n\t\t\t\t\t\t\t\t\t\t<a class=\"post-thumbnail-rollover img-css-resize-wrapper\" aria-label=\"Article d&#039;image\" href=\"https:\/\/www.anatod.com\/fr\/blog\/2026\/03\/11\/anatod-participara-en-la-feria-tecnologica-aotec-2026-en-sevilla-%f0%9f%87%aa%f0%9f%87%b8\/\"><img loading=\"lazy\" decoding=\"async\" width=\"150\" height=\"150\" src=\"https:\/\/www.anatod.com\/wp-content\/uploads\/2026\/03\/feria_aotec_2026-150x150.png\" class=\"attachment-thumbnail size-thumbnail preload-me aspect\" alt=\"\" style=\"--ratio: 150 \/ 150;\" \/><span class=\"the7-hover-icon\"><\/span><\/a>\t\t\t\t\t\t\t\t\t<\/div>\n\t\t\t\t\t\t\t\t\t\t\t\t\t\t\t\t<div class=\"post-entry-content\">\n\t\t\t\t\t\t\t\t\t<h5 class=\"heading\"><a href=\"https:\/\/www.anatod.com\/fr\/blog\/2026\/03\/11\/anatod-participara-en-la-feria-tecnologica-aotec-2026-en-sevilla-%f0%9f%87%aa%f0%9f%87%b8\/\" rel=\"bookmark\" title=\"anatod \u00ae participera \u00e0 la foire technologique AOTEC 2026 \u00e0 S\u00e9ville \ud83c\uddea\ud83c\uddf8\" class=\"post-title\">anatod \u00ae participera \u00e0 la foire technologique AOTEC 2026 \u00e0 S\u00e9ville \ud83c\uddea\ud83c\uddf8<\/a><\/h5><div class=\"entry-meta\"><a href=\"https:\/\/www.anatod.com\/fr\/blog\/2026\/03\/11\/\" title=\"14:11\" class=\"meta-item data-link\" rel=\"bookmark\"><time class=\"entry-date updated\" datetime=\"2026-03-11T14:11:06-03:00\">11 mars 2026<\/time><\/a><\/div>\t\t\t\t\t\t\t\t<\/div>\n\t\t\t\t\t\t\t<\/div>\n\t\t\t\t\t\t<\/article>\n\t\t\t\t\t<\/div>\t\t\t\t\t\t\t\t\t\t<div class=\"wf-cell visible\">\n\t\t\t\t\t\t<article class=\"post visible wrapper post-10042 type-post status-publish format-standard has-post-thumbnail hentry category-otros category-1 description-off\">\n\n\t\t\t\t\t\t\t<div class=\"post-content-wrapper\">\n\t\t\t\t\t\t\t\t\t\t\t\t\t\t\t\t\t<div class=\"the7-simple-post-thumb\">\n\t\t\t\t\t\t\t\t\t\t<a class=\"post-thumbnail-rollover img-css-resize-wrapper\" aria-label=\"Article d&#039;image\" href=\"https:\/\/www.anatod.com\/fr\/blog\/2026\/02\/27\/anatod-en-accion-viajamos-a-las-flores-para-fortalecer-a-impulsar\/\"><img loading=\"lazy\" decoding=\"async\" width=\"150\" height=\"150\" src=\"https:\/\/www.anatod.com\/wp-content\/uploads\/2026\/02\/ba436b32-b622-41fb-91a8-124ca8eea837-150x150.jpg\" class=\"attachment-thumbnail size-thumbnail preload-me aspect\" alt=\"stimuler\" style=\"--ratio: 150 \/ 150;\" \/><span class=\"the7-hover-icon\"><\/span><\/a>\t\t\t\t\t\t\t\t\t<\/div>\n\t\t\t\t\t\t\t\t\t\t\t\t\t\t\t\t<div class=\"post-entry-content\">\n\t\t\t\t\t\t\t\t\t<h5 class=\"heading\"><a href=\"https:\/\/www.anatod.com\/fr\/blog\/2026\/02\/27\/anatod-en-accion-viajamos-a-las-flores-para-fortalecer-a-impulsar\/\" rel=\"bookmark\" title=\"anatod \u00ae en action : nous nous sommes rendus \u00e0 Las Flores pour renforcer Impulsar\" class=\"post-title\">anatod \u00ae en action : nous nous sommes rendus \u00e0 Las Flores pour renforcer Impulsar<\/a><\/h5><div class=\"entry-meta\"><a href=\"https:\/\/www.anatod.com\/fr\/blog\/2026\/02\/27\/\" title=\"19:11\" class=\"meta-item data-link\" rel=\"bookmark\"><time class=\"entry-date updated\" datetime=\"2026-02-27T19:11:19-03:00\">27 f\u00e9vrier 2026<\/time><\/a><\/div>\t\t\t\t\t\t\t\t<\/div>\n\t\t\t\t\t\t\t<\/div>\n\t\t\t\t\t\t<\/article>\n\t\t\t\t\t<\/div>\t\t\t\t\t\t\t\t\t\t<div class=\"wf-cell visible\">\n\t\t\t\t\t\t<article class=\"post visible wrapper post-10037 type-post status-publish format-standard has-post-thumbnail hentry category-otros category-1 description-off\">\n\n\t\t\t\t\t\t\t<div class=\"post-content-wrapper\">\n\t\t\t\t\t\t\t\t\t\t\t\t\t\t\t\t\t<div class=\"the7-simple-post-thumb\">\n\t\t\t\t\t\t\t\t\t\t<a class=\"post-thumbnail-rollover img-css-resize-wrapper\" aria-label=\"Article d&#039;image\" href=\"https:\/\/www.anatod.com\/fr\/blog\/2026\/02\/09\/whatsapp-oficial-integrado-gratis-en-anatod-gracias-a-nuestra-alianza-con-teleprom\/\"><img loading=\"lazy\" decoding=\"async\" width=\"150\" height=\"150\" src=\"https:\/\/www.anatod.com\/wp-content\/uploads\/2026\/02\/teleprom_whatsapp-150x150.jpg\" class=\"attachment-thumbnail size-thumbnail preload-me aspect\" alt=\"teleprom_whatsapp\" srcset=\"https:\/\/www.anatod.com\/wp-content\/uploads\/2026\/02\/teleprom_whatsapp-150x150.jpg 150w, https:\/\/www.anatod.com\/wp-content\/uploads\/2026\/02\/teleprom_whatsapp-300x300.jpg 300w, https:\/\/www.anatod.com\/wp-content\/uploads\/2026\/02\/teleprom_whatsapp-768x768.jpg 768w, https:\/\/www.anatod.com\/wp-content\/uploads\/2026\/02\/teleprom_whatsapp-12x12.jpg 12w, https:\/\/www.anatod.com\/wp-content\/uploads\/2026\/02\/teleprom_whatsapp.jpg 1024w\" sizes=\"auto, (max-width: 150px) 100vw, 150px\" style=\"--ratio: 150 \/ 150;\" \/><span class=\"the7-hover-icon\"><\/span><\/a>\t\t\t\t\t\t\t\t\t<\/div>\n\t\t\t\t\t\t\t\t\t\t\t\t\t\t\t\t<div class=\"post-entry-content\">\n\t\t\t\t\t\t\t\t\t<h5 class=\"heading\"><a href=\"https:\/\/www.anatod.com\/fr\/blog\/2026\/02\/09\/whatsapp-oficial-integrado-gratis-en-anatod-gracias-a-nuestra-alianza-con-teleprom\/\" rel=\"bookmark\" title=\"WhatsApp officiel gratuit int\u00e9gr\u00e9 dans anatod \u00ae gr\u00e2ce \u00e0 notre alliance avec Teleprom\" class=\"post-title\">WhatsApp officiel gratuit int\u00e9gr\u00e9 dans anatod \u00ae gr\u00e2ce \u00e0 notre alliance avec Teleprom<\/a><\/h5><div class=\"entry-meta\"><a href=\"https:\/\/www.anatod.com\/fr\/blog\/2026\/02\/09\/\" title=\"16:57\" class=\"meta-item data-link\" rel=\"bookmark\"><time class=\"entry-date updated\" datetime=\"2026-02-09T16:57:21-03:00\">9 f\u00e9vrier 2026<\/time><\/a><\/div>\t\t\t\t\t\t\t\t<\/div>\n\t\t\t\t\t\t\t<\/div>\n\t\t\t\t\t\t<\/article>\n\t\t\t\t\t<\/div>\t\t\t\t\t\t\t\t<\/div>\n\t\t<\/div>\t\t\t\t<\/div>\n\t\t\t\t<\/div>\n\t\t\t\t\t<\/div>\n\t\t<\/div>\n\t\t\t\t\t<\/div>\n\t\t<\/section>\n\t\t\t\t<\/div>","protected":false},"excerpt":{"rendered":"<p>ISPkeeper Demo IMPORTANT Le syst\u00e8me dans lequel vous vous appr\u00eatez \u00e0 entrer est un syst\u00e8me de test interne, qui est utilis\u00e9 sur les propres serveurs pour le d\u00e9veloppement interne. ISPkeeper System User : 123testingPassword : 12345678URL : testing.ispkeeper.com LOG IN Customer Self-Management System User : 1Password : 99999999URL : clientes.ispkeeper.com LOG IN Download Customer Self-Management Application News \ud83d\ude80 anatod at N-PLAY 2026 | C\u00f3rdoba (Argentina) 3 January, 2026....<\/p>","protected":false},"author":1,"featured_media":0,"parent":8698,"menu_order":0,"comment_status":"closed","ping_status":"closed","template":"elementor_header_footer","meta":{"footnotes":""},"class_list":["post-9069","page","type-page","status-publish","hentry","category-1","description-off"],"_links":{"self":[{"href":"https:\/\/www.anatod.com\/fr\/wp-json\/wp\/v2\/pages\/9069","targetHints":{"allow":["GET"]}}],"collection":[{"href":"https:\/\/www.anatod.com\/fr\/wp-json\/wp\/v2\/pages"}],"about":[{"href":"https:\/\/www.anatod.com\/fr\/wp-json\/wp\/v2\/types\/page"}],"author":[{"embeddable":true,"href":"https:\/\/www.anatod.com\/fr\/wp-json\/wp\/v2\/users\/1"}],"replies":[{"embeddable":true,"href":"https:\/\/www.anatod.com\/fr\/wp-json\/wp\/v2\/comments?post=9069"}],"version-history":[{"count":36,"href":"https:\/\/www.anatod.com\/fr\/wp-json\/wp\/v2\/pages\/9069\/revisions"}],"predecessor-version":[{"id":9933,"href":"https:\/\/www.anatod.com\/fr\/wp-json\/wp\/v2\/pages\/9069\/revisions\/9933"}],"up":[{"embeddable":true,"href":"https:\/\/www.anatod.com\/fr\/wp-json\/wp\/v2\/pages\/8698"}],"wp:attachment":[{"href":"https:\/\/www.anatod.com\/fr\/wp-json\/wp\/v2\/media?parent=9069"}],"curies":[{"name":"wp","href":"https:\/\/api.w.org\/{rel}","templated":true}]}}