{"id":9117,"date":"2025-01-15T12:04:13","date_gmt":"2025-01-15T15:04:13","guid":{"rendered":"https:\/\/www.anatod.com\/?page_id=9117"},"modified":"2026-01-03T16:08:47","modified_gmt":"2026-01-03T19:08:47","slug":"api","status":"publish","type":"page","link":"https:\/\/www.anatod.com\/fr\/ispkeeper\/api\/","title":{"rendered":"API"},"content":{"rendered":"<div data-elementor-type=\"wp-page\" data-elementor-id=\"9117\" class=\"elementor elementor-9117\" data-elementor-post-type=\"page\">\n\t\t\t\t\t\t<section class=\"elementor-section elementor-top-section elementor-element elementor-element-ea5db3d elementor-reverse-tablet elementor-reverse-mobile elementor-section-boxed elementor-section-height-default elementor-section-height-default\" data-id=\"ea5db3d\" data-element_type=\"section\" data-e-type=\"section\" data-settings=\"{&quot;background_background&quot;:&quot;gradient&quot;}\">\n\t\t\t\t\t\t<div class=\"elementor-container elementor-column-gap-default\">\n\t\t\t\t\t<div class=\"elementor-column elementor-col-100 elementor-top-column elementor-element elementor-element-788efdf\" data-id=\"788efdf\" data-element_type=\"column\" data-e-type=\"column\">\n\t\t\t<div class=\"elementor-widget-wrap elementor-element-populated\">\n\t\t\t\t\t\t<div class=\"elementor-element elementor-element-400b5fa elementor-widget elementor-widget-heading\" data-id=\"400b5fa\" data-element_type=\"widget\" data-e-type=\"widget\" data-widget_type=\"heading.default\">\n\t\t\t\t<div class=\"elementor-widget-container\">\n\t\t\t\t\t<h2 class=\"elementor-heading-title elementor-size-default\">API<\/h2>\t\t\t\t<\/div>\n\t\t\t\t<\/div>\n\t\t\t\t\t<\/div>\n\t\t<\/div>\n\t\t\t\t\t<\/div>\n\t\t<\/section>\n\t\t\t\t<section class=\"elementor-section elementor-top-section elementor-element elementor-element-9cb12e1 elementor-section-boxed elementor-section-height-default elementor-section-height-default\" data-id=\"9cb12e1\" data-element_type=\"section\" data-e-type=\"section\" data-settings=\"{&quot;background_background&quot;:&quot;classic&quot;}\">\n\t\t\t\t\t\t<div class=\"elementor-container elementor-column-gap-default\">\n\t\t\t\t\t<div class=\"elementor-column elementor-col-100 elementor-top-column elementor-element elementor-element-447b793\" data-id=\"447b793\" data-element_type=\"column\" data-e-type=\"column\">\n\t\t\t<div class=\"elementor-widget-wrap elementor-element-populated\">\n\t\t\t\t\t\t<div class=\"elementor-element elementor-element-f964911 elementor-widget elementor-widget-image\" data-id=\"f964911\" data-element_type=\"widget\" data-e-type=\"widget\" data-widget_type=\"image.default\">\n\t\t\t\t<div class=\"elementor-widget-container\">\n\t\t\t\t\t\t\t\t\t\t\t\t\t\t\t<img loading=\"lazy\" decoding=\"async\" width=\"643\" height=\"431\" src=\"https:\/\/www.anatod.com\/wp-content\/uploads\/2025\/01\/api.jpg\" class=\"attachment-large size-large wp-image-9119\" alt=\"API\" srcset=\"https:\/\/www.anatod.com\/wp-content\/uploads\/2025\/01\/api.jpg 643w, https:\/\/www.anatod.com\/wp-content\/uploads\/2025\/01\/api-300x201.jpg 300w, https:\/\/www.anatod.com\/wp-content\/uploads\/2025\/01\/api-18x12.jpg 18w\" sizes=\"auto, (max-width: 643px) 100vw, 643px\" \/>\t\t\t\t\t\t\t\t\t\t\t\t\t\t\t<\/div>\n\t\t\t\t<\/div>\n\t\t\t\t\t<\/div>\n\t\t<\/div>\n\t\t\t\t\t<\/div>\n\t\t<\/section>\n\t\t\t\t<section class=\"elementor-section elementor-top-section elementor-element elementor-element-6ab8012 elementor-section-boxed elementor-section-height-default elementor-section-height-default\" data-id=\"6ab8012\" data-element_type=\"section\" data-e-type=\"section\">\n\t\t\t\t\t\t<div class=\"elementor-container elementor-column-gap-default\">\n\t\t\t\t\t<div class=\"elementor-column elementor-col-50 elementor-top-column elementor-element elementor-element-9f0518b\" data-id=\"9f0518b\" data-element_type=\"column\" data-e-type=\"column\">\n\t\t\t<div class=\"elementor-widget-wrap elementor-element-populated\">\n\t\t\t\t\t\t<div class=\"elementor-element elementor-element-cefad89 content-align-left icon-box-vertical-align-top icon-position-left icon-vertical-align-start elementor-widget elementor-widget-the7_icon_box_widget\" data-id=\"cefad89\" data-element_type=\"widget\" data-e-type=\"widget\" data-widget_type=\"the7_icon_box_widget.default\">\n\t\t\t\t<div class=\"elementor-widget-container\">\n\t\t\t\t\t\n\t\t<div class=\"the7-box-wrapper the7-elementor-widget the7_icon_box_widget-cefad89\">\t\t\t<div class=\"box-content-wrapper\">\n\t\t\t\t\t\t\t\t\t<a class=\"elementor-icon-div\" >\t\t\t\t\t\t<div class=\"elementor-icon\">\n\t\t\t\t\t\t\t<i aria-hidden=\"true\" class=\"fas fa-code-branch\"><\/i>\t\t\t\t\t\t<\/div>\n\t\t\t\t\t<\/a>\t\t\t\t\t\t\t\t<div class=\"box-content\">\n\t\t\t\t\t\t\t\t\t\t\t\t\t\t\t\t\t<h4 class=\"box-heading\">\n\t\t\t\t\t\t\t<a >\t\t\t\t\t\t\t\tFlexible\t\t\t\t\t\t\t<\/a>\t\t\t\t\t\t<\/h4>\n\t\t\t\t\t\t\t\t\t\t\t\t\t\t\t\t<div class=\"box-description\">Gr\u00e2ce \u00e0 notre API, vous pouvez int\u00e9grer tous les modules du syst\u00e8me de mani\u00e8re flexible, en configurant les processus comme vous le souhaitez et en obtenant les informations n\u00e9cessaires instantan\u00e9ment et en temps r\u00e9el.<\/div>\n\t\t\t\t\t\n\t\t\t\t\t\n\t\t\t\t<\/div>\n\t\t\t<\/div>\n\t\t<\/div>\t\t\t\t\t<\/div>\n\t\t\t\t<\/div>\n\t\t\t\t\t<\/div>\n\t\t<\/div>\n\t\t\t\t<div class=\"elementor-column elementor-col-50 elementor-top-column elementor-element elementor-element-05ac3dc\" data-id=\"05ac3dc\" data-element_type=\"column\" data-e-type=\"column\">\n\t\t\t<div class=\"elementor-widget-wrap elementor-element-populated\">\n\t\t\t\t\t\t<div class=\"elementor-element elementor-element-432a370 content-align-left icon-box-vertical-align-top icon-position-left icon-vertical-align-start elementor-widget elementor-widget-the7_icon_box_widget\" data-id=\"432a370\" data-element_type=\"widget\" data-e-type=\"widget\" data-widget_type=\"the7_icon_box_widget.default\">\n\t\t\t\t<div class=\"elementor-widget-container\">\n\t\t\t\t\t\n\t\t<div class=\"the7-box-wrapper the7-elementor-widget the7_icon_box_widget-432a370\">\t\t\t<div class=\"box-content-wrapper\">\n\t\t\t\t\t\t\t\t\t<a class=\"elementor-icon-div\" >\t\t\t\t\t\t<div class=\"elementor-icon\">\n\t\t\t\t\t\t\t<i aria-hidden=\"true\" class=\"fas fa-lock-alt\"><\/i>\t\t\t\t\t\t<\/div>\n\t\t\t\t\t<\/a>\t\t\t\t\t\t\t\t<div class=\"box-content\">\n\t\t\t\t\t\t\t\t\t\t\t\t\t\t\t\t\t<h4 class=\"box-heading\">\n\t\t\t\t\t\t\t<a >\t\t\t\t\t\t\t\tAssurance\t\t\t\t\t\t\t<\/a>\t\t\t\t\t\t<\/h4>\n\t\t\t\t\t\t\t\t\t\t\t\t\t\t\t\t<div class=\"box-description\">Nous utilisons le service Amazon AWS API Gateway, s\u00e9curis\u00e9 par un jeton et isol\u00e9 du syst\u00e8me principal.\n<\/div>\n\t\t\t\t\t\n\t\t\t\t\t\n\t\t\t\t<\/div>\n\t\t\t<\/div>\n\t\t<\/div>\t\t\t\t\t<\/div>\n\t\t\t\t<\/div>\n\t\t\t\t\t<\/div>\n\t\t<\/div>\n\t\t\t\t\t<\/div>\n\t\t<\/section>\n\t\t\t\t<section class=\"elementor-section elementor-top-section elementor-element elementor-element-4bff040 elementor-section-boxed elementor-section-height-default elementor-section-height-default\" data-id=\"4bff040\" data-element_type=\"section\" data-e-type=\"section\">\n\t\t\t\t\t\t<div class=\"elementor-container elementor-column-gap-default\">\n\t\t\t\t\t<div class=\"elementor-column elementor-col-50 elementor-top-column elementor-element elementor-element-8f70d10\" data-id=\"8f70d10\" data-element_type=\"column\" data-e-type=\"column\">\n\t\t\t<div class=\"elementor-widget-wrap elementor-element-populated\">\n\t\t\t\t\t\t<div class=\"elementor-element elementor-element-e968aba content-align-left icon-box-vertical-align-top icon-position-left icon-vertical-align-start elementor-widget elementor-widget-the7_icon_box_widget\" data-id=\"e968aba\" data-element_type=\"widget\" data-e-type=\"widget\" data-widget_type=\"the7_icon_box_widget.default\">\n\t\t\t\t<div class=\"elementor-widget-container\">\n\t\t\t\t\t\n\t\t<div class=\"the7-box-wrapper the7-elementor-widget the7_icon_box_widget-e968aba\">\t\t\t<div class=\"box-content-wrapper\">\n\t\t\t\t\t\t\t\t\t<a class=\"elementor-icon-div\" >\t\t\t\t\t\t<div class=\"elementor-icon\">\n\t\t\t\t\t\t\t<i aria-hidden=\"true\" class=\"fas fa-fast-forward\"><\/i>\t\t\t\t\t\t<\/div>\n\t\t\t\t\t<\/a>\t\t\t\t\t\t\t\t<div class=\"box-content\">\n\t\t\t\t\t\t\t\t\t\t\t\t\t\t\t\t\t<h4 class=\"box-heading\">\n\t\t\t\t\t\t\t<a >\t\t\t\t\t\t\t\tRapide\t\t\t\t\t\t\t<\/a>\t\t\t\t\t\t<\/h4>\n\t\t\t\t\t\t\t\t\t\t\t\t\t\t\t\t<div class=\"box-description\">API Rest pour une int\u00e9gration rapide et standardis\u00e9e pour se connecter \u00e0 n'importe quel syst\u00e8me dans n'importe quelle langue.\n\n<\/div>\n\t\t\t\t\t\n\t\t\t\t\t\n\t\t\t\t<\/div>\n\t\t\t<\/div>\n\t\t<\/div>\t\t\t\t\t<\/div>\n\t\t\t\t<\/div>\n\t\t\t\t\t<\/div>\n\t\t<\/div>\n\t\t\t\t<div class=\"elementor-column elementor-col-50 elementor-top-column elementor-element elementor-element-2597b4b\" data-id=\"2597b4b\" data-element_type=\"column\" data-e-type=\"column\">\n\t\t\t<div class=\"elementor-widget-wrap elementor-element-populated\">\n\t\t\t\t\t\t<div class=\"elementor-element elementor-element-279c278 content-align-left icon-box-vertical-align-top icon-position-left icon-vertical-align-start elementor-widget elementor-widget-the7_icon_box_widget\" data-id=\"279c278\" data-element_type=\"widget\" data-e-type=\"widget\" data-widget_type=\"the7_icon_box_widget.default\">\n\t\t\t\t<div class=\"elementor-widget-container\">\n\t\t\t\t\t\n\t\t<div class=\"the7-box-wrapper the7-elementor-widget the7_icon_box_widget-279c278\">\t\t\t<div class=\"box-content-wrapper\">\n\t\t\t\t\t\t\t\t\t<a class=\"elementor-icon-div\" >\t\t\t\t\t\t<div class=\"elementor-icon\">\n\t\t\t\t\t\t\t<i aria-hidden=\"true\" class=\"fas fa-laptop-code\"><\/i>\t\t\t\t\t\t<\/div>\n\t\t\t\t\t<\/a>\t\t\t\t\t\t\t\t<div class=\"box-content\">\n\t\t\t\t\t\t\t\t\t\t\t\t\t\t\t\t\t<h4 class=\"box-heading\">\n\t\t\t\t\t\t\t<a >\t\t\t\t\t\t\t\tCompl\u00e9ter\t\t\t\t\t\t\t<\/a>\t\t\t\t\t\t<\/h4>\n\t\t\t\t\t\t\t\t\t\t\t\t\t\t\t\t<div class=\"box-description\">Version compl\u00e8te utilisant le m\u00eame syst\u00e8me, et non une adaptation pour une utilisation dans certains processus.\n\n<\/div>\n\t\t\t\t\t\n\t\t\t\t\t\n\t\t\t\t<\/div>\n\t\t\t<\/div>\n\t\t<\/div>\t\t\t\t\t<\/div>\n\t\t\t\t<\/div>\n\t\t\t\t\t<\/div>\n\t\t<\/div>\n\t\t\t\t\t<\/div>\n\t\t<\/section>\n\t\t\t\t<section class=\"elementor-section elementor-top-section elementor-element elementor-element-3588da1 elementor-section-boxed elementor-section-height-default elementor-section-height-default\" data-id=\"3588da1\" data-element_type=\"section\" data-e-type=\"section\">\n\t\t\t\t\t\t<div class=\"elementor-container elementor-column-gap-default\">\n\t\t\t\t\t<div class=\"elementor-column elementor-col-100 elementor-top-column elementor-element elementor-element-7c92a71\" data-id=\"7c92a71\" data-element_type=\"column\" data-e-type=\"column\">\n\t\t\t<div class=\"elementor-widget-wrap elementor-element-populated\">\n\t\t\t\t\t\t<div class=\"elementor-element elementor-element-67d7729 elementor-cta--skin-classic elementor-animated-content elementor-bg-transform elementor-bg-transform-zoom-in elementor-widget elementor-widget-call-to-action\" data-id=\"67d7729\" data-element_type=\"widget\" data-e-type=\"widget\" data-widget_type=\"call-to-action.default\">\n\t\t\t\t<div class=\"elementor-widget-container\">\n\t\t\t\t\t\t\t<div class=\"elementor-cta\">\n\t\t\t\t\t\t\t<div class=\"elementor-cta__content\">\n\t\t\t\t\n\t\t\t\t\t\t\t\t\t<h2 class=\"elementor-cta__title elementor-cta__content-item elementor-content-item\">\n\t\t\t\t\t\tDocumentation\t\t\t\t\t<\/h2>\n\t\t\t\t\n\t\t\t\t\t\t\t\t\t<div class=\"elementor-cta__description elementor-cta__content-item elementor-content-item\">\n\t\t\t\t\t\tAcc\u00e9der \u00e0 la documentation de l'API \t\t\t\t\t<\/div>\n\t\t\t\t\n\t\t\t\t\t\t\t\t\t<div class=\"elementor-cta__button-wrapper elementor-cta__content-item elementor-content-item\">\n\t\t\t\t\t<a class=\"elementor-cta__button elementor-button elementor-size-\" href=\"https:\/\/wiki.anatod.com\/api\/\">\n\t\t\t\t\t\tLOGIN\t\t\t\t\t<\/a>\n\t\t\t\t\t<\/div>\n\t\t\t\t\t\t\t<\/div>\n\t\t\t\t\t\t<\/div>\n\t\t\t\t\t\t<\/div>\n\t\t\t\t<\/div>\n\t\t\t\t\t<\/div>\n\t\t<\/div>\n\t\t\t\t\t<\/div>\n\t\t<\/section>\n\t\t\t\t<section class=\"elementor-section elementor-top-section elementor-element elementor-element-65e44de elementor-section-boxed elementor-section-height-default elementor-section-height-default\" data-id=\"65e44de\" data-element_type=\"section\" data-e-type=\"section\">\n\t\t\t\t\t\t<div class=\"elementor-container elementor-column-gap-default\">\n\t\t\t\t\t<div class=\"elementor-column elementor-col-100 elementor-top-column elementor-element elementor-element-f8f6fe0\" data-id=\"f8f6fe0\" data-element_type=\"column\" data-e-type=\"column\">\n\t\t\t<div class=\"elementor-widget-wrap elementor-element-populated\">\n\t\t\t\t\t\t<div class=\"elementor-element elementor-element-56e4859 img-align-top image-vertical-align-center slide-h-position-center icon-box-vertical-align-top elementor-widget elementor-widget-the7-elements-simple-posts\" data-id=\"56e4859\" data-element_type=\"widget\" data-e-type=\"widget\" data-widget_type=\"the7-elements-simple-posts.default\">\n\t\t\t\t<div class=\"elementor-widget-container\">\n\t\t\t\t\t<div class=\"the7-simple-widget-posts the7-elementor-widget the7-elements-simple-posts-56e4859 jquery-filter jquery-filter\" data-post-limit=\"-1\" data-pagination-mode=\"none\" data-scroll-offset=\"\" aria-live=\"assertive\"><h4 class=\"rp-heading\">Actualit\u00e9s<\/h4>\t\t\t<div class=\"dt-css-grid custom-pagination-handler\" data-columns=\"{&quot;d&quot;:4,&quot;t&quot;:1,&quot;p&quot;:1,&quot;wd&quot;:&quot;&quot;}\">\n\t\t\t\t\t\t\t\t\t<div class=\"wf-cell visible\">\n\t\t\t\t\t\t<article class=\"post visible wrapper post-10127 type-post status-publish format-standard has-post-thumbnail hentry category-otros category-1 description-off\">\n\n\t\t\t\t\t\t\t<div class=\"post-content-wrapper\">\n\t\t\t\t\t\t\t\t\t\t\t\t\t\t\t\t\t<div class=\"the7-simple-post-thumb\">\n\t\t\t\t\t\t\t\t\t\t<a class=\"post-thumbnail-rollover img-css-resize-wrapper\" aria-label=\"Article d&#039;image\" href=\"https:\/\/www.anatod.com\/fr\/blog\/2026\/04\/10\/nuevo-modulo-de-suscripciones-en-ispkeeper-amplia-tus-ingresos-mas-alla-del-internet\/\"><img loading=\"lazy\" decoding=\"async\" width=\"150\" height=\"150\" src=\"https:\/\/www.anatod.com\/wp-content\/uploads\/2026\/04\/suscripciones-150x150.jpg\" class=\"attachment-thumbnail size-thumbnail preload-me aspect\" alt=\"\" style=\"--ratio: 150 \/ 150;\" \/><span class=\"the7-hover-icon\"><\/span><\/a>\t\t\t\t\t\t\t\t\t<\/div>\n\t\t\t\t\t\t\t\t\t\t\t\t\t\t\t\t<div class=\"post-entry-content\">\n\t\t\t\t\t\t\t\t\t<h5 class=\"heading\"><a href=\"https:\/\/www.anatod.com\/fr\/blog\/2026\/04\/10\/nuevo-modulo-de-suscripciones-en-ispkeeper-amplia-tus-ingresos-mas-alla-del-internet\/\" rel=\"bookmark\" title=\"Nouveau module d&#039;abonnements dans ISPkeeper : augmentez vos revenus au-del\u00e0 de l&#039;Internet\" class=\"post-title\">Nouveau module d'abonnements dans ISPkeeper : augmentez vos revenus au-del\u00e0 de l'Internet<\/a><\/h5><div class=\"entry-meta\"><a href=\"https:\/\/www.anatod.com\/fr\/blog\/2026\/04\/10\/\" title=\"15:23\" class=\"meta-item data-link\" rel=\"bookmark\"><time class=\"entry-date updated\" datetime=\"2026-04-10T15:23:05-03:00\">10 avril 2026<\/time><\/a><\/div>\t\t\t\t\t\t\t\t<\/div>\n\t\t\t\t\t\t\t<\/div>\n\t\t\t\t\t\t<\/article>\n\t\t\t\t\t<\/div>\t\t\t\t\t\t\t\t\t\t<div class=\"wf-cell visible\">\n\t\t\t\t\t\t<article class=\"post visible wrapper post-10063 type-post status-publish format-standard has-post-thumbnail hentry category-otros category-1 description-off\">\n\n\t\t\t\t\t\t\t<div class=\"post-content-wrapper\">\n\t\t\t\t\t\t\t\t\t\t\t\t\t\t\t\t\t<div class=\"the7-simple-post-thumb\">\n\t\t\t\t\t\t\t\t\t\t<a class=\"post-thumbnail-rollover img-css-resize-wrapper\" aria-label=\"Article d&#039;image\" href=\"https:\/\/www.anatod.com\/fr\/blog\/2026\/03\/11\/anatod-participara-en-la-feria-tecnologica-aotec-2026-en-sevilla-%f0%9f%87%aa%f0%9f%87%b8\/\"><img loading=\"lazy\" decoding=\"async\" width=\"150\" height=\"150\" src=\"https:\/\/www.anatod.com\/wp-content\/uploads\/2026\/03\/feria_aotec_2026-150x150.png\" class=\"attachment-thumbnail size-thumbnail preload-me aspect\" alt=\"\" style=\"--ratio: 150 \/ 150;\" \/><span class=\"the7-hover-icon\"><\/span><\/a>\t\t\t\t\t\t\t\t\t<\/div>\n\t\t\t\t\t\t\t\t\t\t\t\t\t\t\t\t<div class=\"post-entry-content\">\n\t\t\t\t\t\t\t\t\t<h5 class=\"heading\"><a href=\"https:\/\/www.anatod.com\/fr\/blog\/2026\/03\/11\/anatod-participara-en-la-feria-tecnologica-aotec-2026-en-sevilla-%f0%9f%87%aa%f0%9f%87%b8\/\" rel=\"bookmark\" title=\"anatod \u00ae participera \u00e0 la foire technologique AOTEC 2026 \u00e0 S\u00e9ville \ud83c\uddea\ud83c\uddf8\" class=\"post-title\">anatod \u00ae participera \u00e0 la foire technologique AOTEC 2026 \u00e0 S\u00e9ville \ud83c\uddea\ud83c\uddf8<\/a><\/h5><div class=\"entry-meta\"><a href=\"https:\/\/www.anatod.com\/fr\/blog\/2026\/03\/11\/\" title=\"14:11\" class=\"meta-item data-link\" rel=\"bookmark\"><time class=\"entry-date updated\" datetime=\"2026-03-11T14:11:06-03:00\">11 mars 2026<\/time><\/a><\/div>\t\t\t\t\t\t\t\t<\/div>\n\t\t\t\t\t\t\t<\/div>\n\t\t\t\t\t\t<\/article>\n\t\t\t\t\t<\/div>\t\t\t\t\t\t\t\t\t\t<div class=\"wf-cell visible\">\n\t\t\t\t\t\t<article class=\"post visible wrapper post-10042 type-post status-publish format-standard has-post-thumbnail hentry category-otros category-1 description-off\">\n\n\t\t\t\t\t\t\t<div class=\"post-content-wrapper\">\n\t\t\t\t\t\t\t\t\t\t\t\t\t\t\t\t\t<div class=\"the7-simple-post-thumb\">\n\t\t\t\t\t\t\t\t\t\t<a class=\"post-thumbnail-rollover img-css-resize-wrapper\" aria-label=\"Article d&#039;image\" href=\"https:\/\/www.anatod.com\/fr\/blog\/2026\/02\/27\/anatod-en-accion-viajamos-a-las-flores-para-fortalecer-a-impulsar\/\"><img loading=\"lazy\" decoding=\"async\" width=\"150\" height=\"150\" src=\"https:\/\/www.anatod.com\/wp-content\/uploads\/2026\/02\/ba436b32-b622-41fb-91a8-124ca8eea837-150x150.jpg\" class=\"attachment-thumbnail size-thumbnail preload-me aspect\" alt=\"stimuler\" style=\"--ratio: 150 \/ 150;\" \/><span class=\"the7-hover-icon\"><\/span><\/a>\t\t\t\t\t\t\t\t\t<\/div>\n\t\t\t\t\t\t\t\t\t\t\t\t\t\t\t\t<div class=\"post-entry-content\">\n\t\t\t\t\t\t\t\t\t<h5 class=\"heading\"><a href=\"https:\/\/www.anatod.com\/fr\/blog\/2026\/02\/27\/anatod-en-accion-viajamos-a-las-flores-para-fortalecer-a-impulsar\/\" rel=\"bookmark\" title=\"anatod \u00ae en action : nous nous sommes rendus \u00e0 Las Flores pour renforcer Impulsar\" class=\"post-title\">anatod \u00ae en action : nous nous sommes rendus \u00e0 Las Flores pour renforcer Impulsar<\/a><\/h5><div class=\"entry-meta\"><a href=\"https:\/\/www.anatod.com\/fr\/blog\/2026\/02\/27\/\" title=\"19:11\" class=\"meta-item data-link\" rel=\"bookmark\"><time class=\"entry-date updated\" datetime=\"2026-02-27T19:11:19-03:00\">27 f\u00e9vrier 2026<\/time><\/a><\/div>\t\t\t\t\t\t\t\t<\/div>\n\t\t\t\t\t\t\t<\/div>\n\t\t\t\t\t\t<\/article>\n\t\t\t\t\t<\/div>\t\t\t\t\t\t\t\t\t\t<div class=\"wf-cell visible\">\n\t\t\t\t\t\t<article class=\"post visible wrapper post-10037 type-post status-publish format-standard has-post-thumbnail hentry category-otros category-1 description-off\">\n\n\t\t\t\t\t\t\t<div class=\"post-content-wrapper\">\n\t\t\t\t\t\t\t\t\t\t\t\t\t\t\t\t\t<div class=\"the7-simple-post-thumb\">\n\t\t\t\t\t\t\t\t\t\t<a class=\"post-thumbnail-rollover img-css-resize-wrapper\" aria-label=\"Article d&#039;image\" href=\"https:\/\/www.anatod.com\/fr\/blog\/2026\/02\/09\/whatsapp-oficial-integrado-gratis-en-anatod-gracias-a-nuestra-alianza-con-teleprom\/\"><img loading=\"lazy\" decoding=\"async\" width=\"150\" height=\"150\" src=\"https:\/\/www.anatod.com\/wp-content\/uploads\/2026\/02\/teleprom_whatsapp-150x150.jpg\" class=\"attachment-thumbnail size-thumbnail preload-me aspect\" alt=\"teleprom_whatsapp\" srcset=\"https:\/\/www.anatod.com\/wp-content\/uploads\/2026\/02\/teleprom_whatsapp-150x150.jpg 150w, https:\/\/www.anatod.com\/wp-content\/uploads\/2026\/02\/teleprom_whatsapp-300x300.jpg 300w, https:\/\/www.anatod.com\/wp-content\/uploads\/2026\/02\/teleprom_whatsapp-768x768.jpg 768w, https:\/\/www.anatod.com\/wp-content\/uploads\/2026\/02\/teleprom_whatsapp-12x12.jpg 12w, https:\/\/www.anatod.com\/wp-content\/uploads\/2026\/02\/teleprom_whatsapp.jpg 1024w\" sizes=\"auto, (max-width: 150px) 100vw, 150px\" style=\"--ratio: 150 \/ 150;\" \/><span class=\"the7-hover-icon\"><\/span><\/a>\t\t\t\t\t\t\t\t\t<\/div>\n\t\t\t\t\t\t\t\t\t\t\t\t\t\t\t\t<div class=\"post-entry-content\">\n\t\t\t\t\t\t\t\t\t<h5 class=\"heading\"><a href=\"https:\/\/www.anatod.com\/fr\/blog\/2026\/02\/09\/whatsapp-oficial-integrado-gratis-en-anatod-gracias-a-nuestra-alianza-con-teleprom\/\" rel=\"bookmark\" title=\"WhatsApp officiel gratuit int\u00e9gr\u00e9 dans anatod \u00ae gr\u00e2ce \u00e0 notre alliance avec Teleprom\" class=\"post-title\">WhatsApp officiel gratuit int\u00e9gr\u00e9 dans anatod \u00ae gr\u00e2ce \u00e0 notre alliance avec Teleprom<\/a><\/h5><div class=\"entry-meta\"><a href=\"https:\/\/www.anatod.com\/fr\/blog\/2026\/02\/09\/\" title=\"16:57\" class=\"meta-item data-link\" rel=\"bookmark\"><time class=\"entry-date updated\" datetime=\"2026-02-09T16:57:21-03:00\">9 f\u00e9vrier 2026<\/time><\/a><\/div>\t\t\t\t\t\t\t\t<\/div>\n\t\t\t\t\t\t\t<\/div>\n\t\t\t\t\t\t<\/article>\n\t\t\t\t\t<\/div>\t\t\t\t\t\t\t\t<\/div>\n\t\t<\/div>\t\t\t\t<\/div>\n\t\t\t\t<\/div>\n\t\t\t\t\t<\/div>\n\t\t<\/div>\n\t\t\t\t\t<\/div>\n\t\t<\/section>\n\t\t\t\t<\/div>","protected":false},"excerpt":{"rendered":"<p>API Flexible Avec notre API, vous pouvez int\u00e9grer tous les modules du syst\u00e8me de mani\u00e8re flexible, en configurant les processus comme vous le souhaitez et en obtenant les informations n\u00e9cessaires instantan\u00e9ment et en temps r\u00e9el. S\u00e9curis\u00e9 Nous utilisons le service API Gateway d'Amazon AWS, avec s\u00e9curit\u00e9 par jeton et isolation du syst\u00e8me principal. Rapide API Rest pour une rapide\u2026<\/p>","protected":false},"author":1,"featured_media":0,"parent":8698,"menu_order":0,"comment_status":"closed","ping_status":"closed","template":"elementor_header_footer","meta":{"footnotes":""},"class_list":["post-9117","page","type-page","status-publish","hentry","category-1","description-off"],"_links":{"self":[{"href":"https:\/\/www.anatod.com\/fr\/wp-json\/wp\/v2\/pages\/9117","targetHints":{"allow":["GET"]}}],"collection":[{"href":"https:\/\/www.anatod.com\/fr\/wp-json\/wp\/v2\/pages"}],"about":[{"href":"https:\/\/www.anatod.com\/fr\/wp-json\/wp\/v2\/types\/page"}],"author":[{"embeddable":true,"href":"https:\/\/www.anatod.com\/fr\/wp-json\/wp\/v2\/users\/1"}],"replies":[{"embeddable":true,"href":"https:\/\/www.anatod.com\/fr\/wp-json\/wp\/v2\/comments?post=9117"}],"version-history":[{"count":25,"href":"https:\/\/www.anatod.com\/fr\/wp-json\/wp\/v2\/pages\/9117\/revisions"}],"predecessor-version":[{"id":9927,"href":"https:\/\/www.anatod.com\/fr\/wp-json\/wp\/v2\/pages\/9117\/revisions\/9927"}],"up":[{"embeddable":true,"href":"https:\/\/www.anatod.com\/fr\/wp-json\/wp\/v2\/pages\/8698"}],"wp:attachment":[{"href":"https:\/\/www.anatod.com\/fr\/wp-json\/wp\/v2\/media?parent=9117"}],"curies":[{"name":"wp","href":"https:\/\/api.w.org\/{rel}","templated":true}]}}